{"id":7,"date":"2023-09-08T16:52:35","date_gmt":"2023-09-08T19:52:35","guid":{"rendered":"https:\/\/antigo.encontrodeprodutores.com.br\/?page_id=7"},"modified":"2023-09-15T14:23:40","modified_gmt":"2023-09-15T17:23:40","slug":"principal","status":"publish","type":"page","link":"https:\/\/antigo.encontrodeprodutores.com.br\/","title":{"rendered":"Principal"},"content":{"rendered":"\t\t<div data-elementor-type=\"wp-page\" data-elementor-id=\"7\" class=\"elementor elementor-7\" data-elementor-post-type=\"page\">\n\t\t\t\t<div class=\"elementor-element elementor-element-8b5d526 e-flex e-con-boxed e-con e-parent\" data-id=\"8b5d526\" data-element_type=\"container\" data-settings=\"{&quot;jet_parallax_layout_list&quot;:[]}\">\n\t\t\t\t\t<div class=\"e-con-inner\">\n\t\t<div class=\"elementor-element elementor-element-1082cea e-con-full e-flex e-con e-child\" data-id=\"1082cea\" data-element_type=\"container\" data-settings=\"{&quot;jet_parallax_layout_list&quot;:[]}\">\n\t\t\t\t<div class=\"elementor-element elementor-element-b365c50 elementor-widget elementor-widget-text-editor\" data-id=\"b365c50\" data-element_type=\"widget\" data-widget_type=\"text-editor.default\">\n\t\t\t\t<div class=\"elementor-widget-container\">\n\t\t\t<style>\/*! elementor - v3.23.0 - 05-08-2024 *\/\n.elementor-widget-text-editor.elementor-drop-cap-view-stacked .elementor-drop-cap{background-color:#69727d;color:#fff}.elementor-widget-text-editor.elementor-drop-cap-view-framed .elementor-drop-cap{color:#69727d;border:3px solid;background-color:transparent}.elementor-widget-text-editor:not(.elementor-drop-cap-view-default) .elementor-drop-cap{margin-top:8px}.elementor-widget-text-editor:not(.elementor-drop-cap-view-default) .elementor-drop-cap-letter{width:1em;height:1em}.elementor-widget-text-editor .elementor-drop-cap{float:left;text-align:center;line-height:1;font-size:50px}.elementor-widget-text-editor .elementor-drop-cap-letter{display:inline-block}<\/style>\t\t\t\t<h2>N\u00c3O DEIXE PARA DEPOIS!<\/h2><h5>inscreva-se agora e evite filas!<\/h5>\t\t\t\t\t\t<\/div>\n\t\t\t\t<\/div>\n\t\t\t\t<\/div>\n\t\t<div class=\"elementor-element elementor-element-21ee677 e-con-full e-flex e-con e-child\" data-id=\"21ee677\" data-element_type=\"container\" data-settings=\"{&quot;jet_parallax_layout_list&quot;:[]}\">\n\t\t\t\t<div class=\"elementor-element elementor-element-df17177 elementor-widget elementor-widget-image\" data-id=\"df17177\" data-element_type=\"widget\" data-widget_type=\"image.default\">\n\t\t\t\t<div class=\"elementor-widget-container\">\n\t\t\t<style>\/*! elementor - v3.23.0 - 05-08-2024 *\/\n.elementor-widget-image{text-align:center}.elementor-widget-image a{display:inline-block}.elementor-widget-image a img[src$=\".svg\"]{width:48px}.elementor-widget-image img{vertical-align:middle;display:inline-block}<\/style>\t\t\t\t\t\t\t\t\t\t\t<a href=\"https:\/\/forms.gle\/TpbGx2vKvbmY8Evc9\" target=\"_blank\">\n\t\t\t\t\t\t\t<img decoding=\"async\" width=\"288\" height=\"167\" src=\"https:\/\/antigo.encontrodeprodutores.com.br\/wp-content\/uploads\/2023\/09\/site_encontro_produtores_leite_2023_botao_inscricao.png\" class=\"attachment-large size-large wp-image-260\" alt=\"\" \/>\t\t\t\t\t\t\t\t<\/a>\n\t\t\t\t\t\t\t\t\t\t\t\t\t<\/div>\n\t\t\t\t<\/div>\n\t\t\t\t<\/div>\n\t\t\t\t\t<\/div>\n\t\t\t\t<\/div>\n\t\t<div class=\"elementor-element elementor-element-4d8098f e-flex e-con-boxed e-con e-parent\" data-id=\"4d8098f\" data-element_type=\"container\" data-settings=\"{&quot;jet_parallax_layout_list&quot;:[],&quot;background_background&quot;:&quot;classic&quot;}\">\n\t\t\t\t\t<div class=\"e-con-inner\">\n\t\t<div class=\"elementor-element elementor-element-2470b3f e-con-full e-flex e-con e-child\" data-id=\"2470b3f\" data-element_type=\"container\" data-settings=\"{&quot;jet_parallax_layout_list&quot;:[]}\">\n\t\t\t\t<div class=\"elementor-element elementor-element-c37133a elementor-widget elementor-widget-image\" data-id=\"c37133a\" data-element_type=\"widget\" data-widget_type=\"image.default\">\n\t\t\t\t<div class=\"elementor-widget-container\">\n\t\t\t\t\t\t\t\t\t\t\t\t\t<img decoding=\"async\" src=\"https:\/\/antigo.encontrodeprodutores.com.br\/wp-content\/uploads\/2023\/09\/logo_encontro_produtores_de_leite_2023_HORIZONTAL-e1694786832348.png\" title=\"logo_encontro_produtores_de_leite_2023_HORIZONTAL\" alt=\"logo_encontro_produtores_de_leite_2023_HORIZONTAL\" loading=\"lazy\" \/>\t\t\t\t\t\t\t\t\t\t\t\t\t<\/div>\n\t\t\t\t<\/div>\n\t\t\t\t<\/div>\n\t\t<div class=\"elementor-element elementor-element-30a172b e-con-full e-flex e-con e-child\" data-id=\"30a172b\" data-element_type=\"container\" data-settings=\"{&quot;jet_parallax_layout_list&quot;:[]}\">\n\t\t\t\t<div class=\"elementor-element elementor-element-84fa152 elementor-widget elementor-widget-text-editor\" data-id=\"84fa152\" data-element_type=\"widget\" data-widget_type=\"text-editor.default\">\n\t\t\t\t<div class=\"elementor-widget-container\">\n\t\t\t\t\t\t\t<p>O Encontro Regional de Produtores de Leite do Campo das Vertentes, al\u00e9m de apresentar novas tecnologias, \u00e9 tamb\u00e9m um forte est\u00edmulo para os produtores de uma das principais bacias leiteiras de Minas Gerais e a tem\u00e1tica \u00e9 definida a partir das demandas da regi\u00e3o.<\/p><p>Nas 18 edi\u00e7\u00f5es anteriores, o evento aconteceu com uma participa\u00e7\u00e3o <b>m\u00e9dia de mais de 600 produtores<\/b> tendo entre as v\u00e1rias a\u00e7\u00f5es desenvolvidas, a orienta\u00e7\u00e3o sobre diversas tecnologias acess\u00edveis ao homem do campo.<\/p><p>Destacamos tamb\u00e9m a import\u00e2ncia social deste Encontro que, al\u00e9m de trazer informa\u00e7\u00f5es atuais, permite a participa\u00e7\u00e3o do produtor rural ouvindo suas necessidades e expectativas, transformando-se em um grande espa\u00e7o de integra\u00e7\u00e3o, inclus\u00e3o social e coopera\u00e7\u00e3o entre pessoas.<\/p><p><b>O evento \u00e9 gratuito.<\/b><\/p>\t\t\t\t\t\t<\/div>\n\t\t\t\t<\/div>\n\t\t\t\t<\/div>\n\t\t\t\t\t<\/div>\n\t\t\t\t<\/div>\n\t\t<div class=\"elementor-element elementor-element-0631aa5 e-flex e-con-boxed e-con e-parent\" data-id=\"0631aa5\" data-element_type=\"container\" data-settings=\"{&quot;background_background&quot;:&quot;classic&quot;,&quot;jet_parallax_layout_list&quot;:[]}\">\n\t\t\t\t\t<div class=\"e-con-inner\">\n\t\t\t\t<div class=\"elementor-element elementor-element-ce9e99f elementor-widget elementor-widget-heading\" data-id=\"ce9e99f\" data-element_type=\"widget\" data-widget_type=\"heading.default\">\n\t\t\t\t<div class=\"elementor-widget-container\">\n\t\t\t<style>\/*! elementor - v3.23.0 - 05-08-2024 *\/\n.elementor-heading-title{padding:0;margin:0;line-height:1}.elementor-widget-heading .elementor-heading-title[class*=elementor-size-]>a{color:inherit;font-size:inherit;line-height:inherit}.elementor-widget-heading .elementor-heading-title.elementor-size-small{font-size:15px}.elementor-widget-heading .elementor-heading-title.elementor-size-medium{font-size:19px}.elementor-widget-heading .elementor-heading-title.elementor-size-large{font-size:29px}.elementor-widget-heading .elementor-heading-title.elementor-size-xl{font-size:39px}.elementor-widget-heading .elementor-heading-title.elementor-size-xxl{font-size:59px}<\/style><h4 class=\"elementor-heading-title elementor-size-xxl\">CONHE\u00c7A A PROGRAMA\u00c7\u00c3O<\/h4>\t\t<\/div>\n\t\t\t\t<\/div>\n\t\t\t\t\t<\/div>\n\t\t\t\t<\/div>\n\t\t<div class=\"elementor-element elementor-element-d624db0 e-con-full e-flex e-con e-parent\" data-id=\"d624db0\" data-element_type=\"container\" data-settings=\"{&quot;jet_parallax_layout_list&quot;:[]}\">\n\t\t<div class=\"elementor-element elementor-element-f1e1ff7 e-con-full e-flex e-con e-child\" data-id=\"f1e1ff7\" data-element_type=\"container\" data-settings=\"{&quot;jet_parallax_layout_list&quot;:[]}\">\n\t\t\t\t<div class=\"elementor-element elementor-element-d82109f elementor-widget__width-inherit elementor-widget elementor-widget-image\" data-id=\"d82109f\" data-element_type=\"widget\" data-widget_type=\"image.default\">\n\t\t\t\t<div class=\"elementor-widget-container\">\n\t\t\t\t\t\t\t\t\t\t<figure class=\"wp-caption\">\n\t\t\t\t\t\t\t\t\t\t<img decoding=\"async\" src=\"https:\/\/antigo.encontrodeprodutores.com.br\/wp-content\/uploads\/elementor\/thumbs\/programacao_encontro_produtores_leite_2023_versao_site-qcg8qk6ofb46xobjdqvbqg2mtwxrtjmdiww11dugo6.jpg\" title=\"programacao_encontro_produtores_leite_2023_versao_site\" alt=\"programacao_encontro_produtores_leite_2023_versao_site\" loading=\"lazy\" \/>\t\t\t\t\t\t\t\t\t\t\t<figcaption class=\"widget-image-caption wp-caption-text\">19\u00ba Encontro de Produtores de Leite do Campo das Vertentes<\/figcaption>\n\t\t\t\t\t\t\t\t\t\t<\/figure>\n\t\t\t\t\t\t\t<\/div>\n\t\t\t\t<\/div>\n\t\t\t\t<\/div>\n\t\t\t\t<\/div>\n\t\t<div class=\"elementor-element elementor-element-a1468b4 e-flex e-con-boxed e-con e-parent\" data-id=\"a1468b4\" data-element_type=\"container\" data-settings=\"{&quot;background_background&quot;:&quot;classic&quot;,&quot;jet_parallax_layout_list&quot;:[]}\">\n\t\t\t\t\t<div class=\"e-con-inner\">\n\t\t\t\t\t<\/div>\n\t\t\t\t<\/div>\n\t\t\t\t<\/div>\n\t\t","protected":false},"excerpt":{"rendered":"<p>N\u00c3O DEIXE PARA DEPOIS! inscreva-se agora e evite filas! O Encontro Regional de Produtores de Leite do Campo das Vertentes, al\u00e9m de apresentar novas tecnologias, \u00e9 tamb\u00e9m um forte est\u00edmulo para os produtores de uma das principais bacias leiteiras de Minas Gerais e a tem\u00e1tica \u00e9 definida a partir das demandas da regi\u00e3o. Nas 18 [&hellip;]<\/p>\n","protected":false},"author":1,"featured_media":0,"parent":0,"menu_order":0,"comment_status":"closed","ping_status":"closed","template":"elementor_header_footer","meta":{"footnotes":""},"class_list":["post-7","page","type-page","status-publish","hentry"],"_links":{"self":[{"href":"https:\/\/antigo.encontrodeprodutores.com.br\/index.php\/wp-json\/wp\/v2\/pages\/7","targetHints":{"allow":["GET"]}}],"collection":[{"href":"https:\/\/antigo.encontrodeprodutores.com.br\/index.php\/wp-json\/wp\/v2\/pages"}],"about":[{"href":"https:\/\/antigo.encontrodeprodutores.com.br\/index.php\/wp-json\/wp\/v2\/types\/page"}],"author":[{"embeddable":true,"href":"https:\/\/antigo.encontrodeprodutores.com.br\/index.php\/wp-json\/wp\/v2\/users\/1"}],"replies":[{"embeddable":true,"href":"https:\/\/antigo.encontrodeprodutores.com.br\/index.php\/wp-json\/wp\/v2\/comments?post=7"}],"version-history":[{"count":124,"href":"https:\/\/antigo.encontrodeprodutores.com.br\/index.php\/wp-json\/wp\/v2\/pages\/7\/revisions"}],"predecessor-version":[{"id":342,"href":"https:\/\/antigo.encontrodeprodutores.com.br\/index.php\/wp-json\/wp\/v2\/pages\/7\/revisions\/342"}],"wp:attachment":[{"href":"https:\/\/antigo.encontrodeprodutores.com.br\/index.php\/wp-json\/wp\/v2\/media?parent=7"}],"curies":[{"name":"wp","href":"https:\/\/api.w.org\/{rel}","templated":true}]}}